{"id":13,"date":"2025-11-25T05:50:56","date_gmt":"2025-11-25T05:50:56","guid":{"rendered":"http:\/\/smvetouistelu.fi\/?page_id=13"},"modified":"2025-11-25T08:06:38","modified_gmt":"2025-11-25T06:06:38","slug":"saannot","status":"publish","type":"page","link":"http:\/\/smvetouistelu.fi\/?page_id=13","title":{"rendered":"S\u00e4\u00e4nn\u00f6t"},"content":{"rendered":"\n<h2 class=\"wp-block-heading\"><\/h2>\n\n\n\n<p><strong>Vetouistelun SM 2026 kilpailukohtaiset s\u00e4\u00e4nn\u00f6t<\/strong><\/p>\n\n\n\n<p><strong>1 \u00a7 Kilpailualue<\/strong><\/p>\n\n\n\n<p>Kilpailualue on Kyr\u00f6sj\u00e4rvi kilpailukartan mukaisesti. Kilpailualue on rajattu karttaan.<\/p>\n\n\n\n<p>Kilpailun aikana kilpailuun osallistuva vene ei saa ylitt\u00e4\u00e4 kilpailualueen rajaa.&nbsp;Kilpailualueelta poistuminen katsotaan keskeytt\u00e4miseksi ja kilpailusuoritus hyl\u00e4t\u00e4\u00e4n. Kilpailualueen l\u00e4ht\u00f6rajan ylitt\u00e4minen on sallittua, mik\u00e4li vene on tulossa kilpailukeskukseen tai menossa sielt\u00e4 kilpailualueelle. Kilpailua valvovat sek\u00e4 merkityt ett\u00e4 merkitsem\u00e4tt\u00f6m\u00e4t valvontaveneet. Rantautuminen on sallittua ainoastaan kilpailukeskuksen rannassa, pois lukien h\u00e4t\u00e4tilanteet. H\u00e4t\u00e4tilanteessa rantautumisesta on viipym\u00e4tt\u00e4 ilmoitettava kilpailun johdolle.<\/p>\n\n\n\n<p><strong>2 \u00a7 Kilpailuajat ja ilmoittautuminen<\/strong><\/p>\n\n\n\n<p>Kilpailuaika on perjantaina X.X.2026 klo XX &#8211; XX ja lauantaina X.8. klo XX. Kilpailuaikaa ennen ja sen j\u00e4lkeen on tunnin siirtym\u00e4aika.<\/p>\n\n\n\n<p>))Kilpailualueella harjoittelu on kielletty perjantaina 1.8. ennen kilpailun alkua.))<\/p>\n\n\n\n<p>Mik\u00e4li kilpailija j\u00e4tt\u00e4\u00e4 kilpailun kesken tai j\u00e4tt\u00e4\u00e4 osallistumatta kilpailup\u00e4iv\u00e4\u00e4n, tulee siit\u00e4 ilmoittaa kilpailunjohtajalle tekstiviestitse numeroon XXX. Tekstiviestiss\u00e4 on ilmoitettava my\u00f6s keskeytt\u00e4v\u00e4n venekunnan kilpailunumero sek\u00e4 kippari nimi.<\/p>\n\n\n\n<p>Kilpailijat osallistuvat kilpailuun omalla vastuullaan.<\/p>\n\n\n\n<p><strong>3 \u00a7 Kilpailukeskus<\/strong><\/p>\n\n\n\n<p><br>Kilpailukeskuksena toimii (T\u00c4H\u00c4N TIETO).<\/p>\n\n\n\n<p><strong>4 \u00a7 Kilpailukalat, niiden alamitat ja kertoimet<\/strong><\/p>\n\n\n\n<p>Kilpailukaloina ovat:&nbsp;<\/p>\n\n\n\n<p>Hauki, alamitta  cm, kerroin <\/p>\n\n\n\n<p>Kuha, alamitta  cm, kerroin <\/p>\n\n\n\n<p>Ahven, alamitta  cm, kerroin <\/p>\n\n\n\n<p><strong>5 \u00a7 Punnitus<\/strong><\/p>\n\n\n\n<p>Punnitus tapahtuu kilpailukeskuksessa. Punnitukseen saavutaan vesitse, kilpailun j\u00e4rjest\u00e4j\u00e4n erikseen antaman ohjeistuksen mukaisesti. Rantautuminen punnitusalueen ulkopuolelle katsotaan keskeytt\u00e4miseksi ja j\u00e4rjest\u00e4j\u00e4ll\u00e4 on oikeus est\u00e4\u00e4 maitse punnitukseen saapuminen. Kilpailun siirtym\u00e4ajan p\u00e4\u00e4ttyess\u00e4 kilpailijan tulee olla joko varsinaisessa punnitusjonossa tai jonottamassa punnitukseen p\u00e4\u00e4sy\u00e4 veneess\u00e4 kilpailun j\u00e4rjest\u00e4j\u00e4n osoittamalla maalialueella.<\/p>\n\n\n\n<p><strong>6 \u00a7 H\u00e4iriintyv\u00e4t kohteet<\/strong><\/p>\n\n\n\n<p>Liikkumisen ja kalastuksen kilpailun aikana (kuten my\u00f6s kilpailuun harjoitellessa) tulee toteuttaa kalastuslain 50\u00a7:n mukaisesti (kalastusta harjoitettaessa ei saa aiheuttaa tarpeetonta haittaa ja h\u00e4iri\u00f6t\u00e4 ymp\u00e4rist\u00f6lle, muille vesill\u00e4 liikkujille, muulle luvalliselle kalastukselle tai rannan omistajalle tai haltijalle)<\/p>\n\n\n\n<p>Veneiden minimiet\u00e4isyys toisistaan kilpailu- ja siirtym\u00e4aikana on 10 metri\u00e4.<\/p>\n\n\n\n<p>Muilta osin noudatetaan alla olevia Vetouistelun SM-kisojen runkos\u00e4\u00e4nt\u00f6j\u00e4.<\/p>\n\n\n\n<p><strong>Vetouistelun SM-kisojen Runkos\u00e4\u00e4nn\u00f6t<\/strong><\/p>\n\n\n\n<p><strong>1\u00a7 Kilpailun nimi<\/strong><\/p>\n\n\n\n<p>Kilpailun nimi on Vetouistelun Suomen mestaruuskilpailu 2026\u00a0(j\u00e4ljemp\u00e4n\u00e4 SM-kilpailu).<\/p>\n\n\n\n<p><strong>2\u00a7 Suomen Uistelutoimikunta<\/strong><\/p>\n\n\n\n<p><strong><br><\/strong>Suomen Uistelutoimikunnasta (j\u00e4ljemp\u00e4n\u00e4 SUT) p\u00e4tee, mit\u00e4 on s\u00e4\u00e4detty SUT:n s\u00e4\u00e4nn\u00f6iss\u00e4 (liite 1).<\/p>\n\n\n\n<p><strong>3\u00a7 Kilpailun j\u00e4rjest\u00e4j\u00e4t<\/strong><\/p>\n\n\n\n<p><strong><br><\/strong>Kilpailun j\u00e4rjest\u00e4j\u00e4t ovat SUT ja SUT:n vuosittain vuosikokouksessaan valitsema SM-kilpailun vastuullinen j\u00e4rjest\u00e4j\u00e4.<\/p>\n\n\n\n<p><strong>4\u00a7 Mestaruudet<\/strong><\/p>\n\n\n\n<p><strong><br><\/strong>SM-kilpailu koostuu kahdesta per\u00e4kk\u00e4isen\u00e4 p\u00e4iv\u00e4n\u00e4 kilpailtavasta osakilpailusta. SM-kilpailussa ratkaistaan sek\u00e4 venekuntakohtainen vetouistelun Suomen mestaruus ett\u00e4 joukkuemestaruus.<\/p>\n\n\n\n<p><strong>5\u00a7 Osallistumisoikeus<\/strong><\/p>\n\n\n\n<p><strong><br><\/strong>SM-kilpailu on kutsukilpailu. Kilpailuun kutsutaan SUT:n vuosikokouksessaan p\u00e4\u00e4tt\u00e4m\u00e4 m\u00e4\u00e4r\u00e4 venekuntia ja edellisen vuoden Suomen mestarivenekunta. SM-kilpailuun karsitaan vetouistelun alueellisista karsintakilpailusarjoista (j\u00e4ljemp\u00e4n\u00e4 Cup). SUT ja Cupit p\u00e4\u00e4tt\u00e4v\u00e4t vuosittain eri Cupeista SM-kilpailuun kutsuttavien venekuntien m\u00e4\u00e4r\u00e4t. Edellisen vuoden mestarivenekunta ei ole pois edustamansa Cupin paikkakiinti\u00f6st\u00e4.<\/p>\n\n\n\n<p>Kahdesta tai useammasta Cupista SM-kilpailuun selvinnyt venekunta edustaa sit\u00e4 Cupia, joka on ensiksi p\u00e4\u00e4ttynyt. Mik\u00e4li venekunta on estynyt osallistumaan SM-kilpailuun, venekunnan edustaman Cup voi ilmoittaa SM-kilpailuun varasijalta karsiutuneen venekunnan. Cupeilla on varapaikkoja tarpeellinen m\u00e4\u00e4r\u00e4. SM-kilpailuun kutsutun venekunnan kipparin on oltava sama kuin Cupissa. SUT:n hallitus voi hyv\u00e4ksy\u00e4 varakipparin varsinaisen kipparin ollessa hallituksen hyv\u00e4ksym\u00e4st\u00e4 p\u00e4tev\u00e4st\u00e4 syyst\u00e4 estynyt osallistumaan SM-kilpailuun.<\/p>\n\n\n\n<p>SM-kilpailun joukkuekilpailuun kutsutaan joukkue jokaisesta Cupista. Mik\u00e4li cupissa j\u00e4rjestet\u00e4\u00e4n joukkuekilpailu niin voittajajoukkue edustaa cupia. Jos joukkuekisaa ei j\u00e4rjestet\u00e4 niin silloin cup voi itse nimet\u00e4 joukkueen.&nbsp; Joukkueen muodostaa enint\u00e4\u00e4n kolme venekuntaa. Joukkue voi, mutta sen ei tarvitse, muodostua henkil\u00f6kohtaiseen kilpailuun kutsutuista venekunnista.&nbsp; Mik\u00e4li joukkue on estynyt osallistumasta SM-kilpailuun, joukkueen edustama Cup voi ilmoittaa SM-kilpailuun seuraavaksi sijoittuneen joukkueen.<\/p>\n\n\n\n<p><strong>6\u00a7 Osanottomaksu<\/strong><\/p>\n\n\n\n<p><strong><br><\/strong>SM-kilpailun osanottomaksun sek\u00e4 venekuntakohtaisen kilpailun ett\u00e4 joukkuekilpailun osalta m\u00e4\u00e4rittelee vuosittain SUT. Venekunnan\/joukkueen osanottomaksun maksamisesta vastaa se Cup, jota kyseinen venekunta\/joukkue SM-kilpailussa edustaa. Osanottomaksu on maksettava viimeist\u00e4\u00e4n huhtikuun viimeisen\u00e4 p\u00e4iv\u00e4n\u00e4 (30.4) SM-kisavuonna.<\/p>\n\n\n\n<p><strong>7\u00a7 Ilmoittautuminen<\/strong><\/p>\n\n\n\n<p><strong><br><\/strong>Jokaisen venekunnan on ilmoittauduttava kilpailukeskuksessa SM-kilpailun vastuullisen j\u00e4rjest\u00e4j\u00e4n osoittamassa paikassa molempina kilpailup\u00e4ivin\u00e4 viimeist\u00e4\u00e4n tuntia ennen kilpailun alkamista.<\/p>\n\n\n\n<p><strong>8\u00a7 Kilpailuaika<\/strong><\/p>\n\n\n\n<p>Kilpailuaika p\u00e4\u00e4tet\u00e4\u00e4n SUT:n vuosikokouksessa SM-kilpailuj\u00e4rjest\u00e4j\u00e4n hakemuksen perusteella.<\/p>\n\n\n\n<p>Kilpailun alussa on v\u00e4hint\u00e4\u00e4n puolen tunnin siirtym\u00e4aika. Kalastusv\u00e4lineit\u00e4, ml. vieheet, houkuttimet, plaanarit ja syv\u00e4\u00e4j\u00e4t, ei saa laskea veteen ennen kilpailuajan alkamista. Kilpailun virallinen aika ilmoitetaan kipparikokouksessa.<\/p>\n\n\n\n<p><strong>9\u00a7 Kipparikokous<\/strong><\/p>\n\n\n\n<p><br>Kipparikokous, johon jokaisen venekunnan kipparin on osallistuttava, alkaa molempina kilpailup\u00e4ivin\u00e4 viimeist\u00e4\u00e4n tuntia ennen kilpailun alkamista. Kipparikokous j\u00e4rjestet\u00e4\u00e4n kisaj\u00e4rjest\u00e4j\u00e4n osoittamassa paikassa.<\/p>\n\n\n\n<p><strong>10\u00a7 Tuomarineuvosto<\/strong><\/p>\n\n\n\n<p><strong><br><\/strong>Tuomarineuvostoon kuuluu SUT:n nime\u00e4m\u00e4 puheenjohtaja, kaksi vastuullisen j\u00e4rjest\u00e4j\u00e4n nime\u00e4m\u00e4\u00e4 edustajaa sek\u00e4 yksi arvalla valittava kilpailijoiden edustaja (kippari).<\/p>\n\n\n\n<p><strong>11\u00a7 Kilpailukortti<\/strong><\/p>\n\n\n\n<p><strong><br><\/strong>Jokaiselle venekunnalle annetaan ilmoittautuessa kilpailutunnus molempia kilpailup\u00e4ivi\u00e4 varten. Jokaisen venekunnan on palautettava kilpailutunnus ennen punnitusajan p\u00e4\u00e4ttymist\u00e4. Kilpailutunnuksen palauttamatta j\u00e4tt\u00e4minen aiheuttaa etsint\u00e4toimet ja venekunnan sulkemisen SM-kilpailusta. Kilpailutunnuksen palauttamisen laiminly\u00f6neen venekunnan kippari on korvausvelvollinen aiheettomista etsint\u00e4toimista kertyneist\u00e4 kuluista.&nbsp;Kilpailutunnus voi sis\u00e4lt\u00e4\u00e4 erillisen punnituskortin.<\/p>\n\n\n\n<p><strong>12\u00a7 Kilpailualue<\/strong><\/p>\n\n\n\n<p><strong><br><\/strong>Jokaiselle venekunnalle jaetaan ilmoittautuessa kilpailukartta. Kilpailukarttaan tulee olla riitt\u00e4v\u00e4ll\u00e4 tarkkuudella merkitty kilpailualue, punnituspaikka ja rantautumispaikat. Kilpailuaikana venekunta ei saa poistua kilpailualueelta, rantautua muualle kuin merkityille rantautumispaikoille tai kohdata toista kilpailuvenett\u00e4 ilman j\u00e4rjest\u00e4j\u00e4n asettaman valvojan lupaa muutoin kuin h\u00e4t\u00e4tapauksissa. Kilpailusuorituksen p\u00e4\u00e4tytty\u00e4 venekunnan on palattava suoraan punnitusalueelle kipparikokouksessa annettujen m\u00e4\u00e4r\u00e4ysten mukaisesti.<\/p>\n\n\n\n<p><\/p>\n\n\n\n<p><strong>13\u00a7 Pyyntitavat<\/strong><\/p>\n\n\n\n<p><strong><br><\/strong>Pyyntitavoista on sallittu vain vetouistelu. Jigaukseen verrattavat kalastustavat on kielletty. Viehe tulee laskea pyyntiin, sit\u00e4 ei saa heitt\u00e4\u00e4. Kalastus ajelehtivasta tai kiinnitetyst\u00e4\/ankkuroidusta veneest\u00e4 on kielletty. Venekuntaa kohti saa olla pyynniss\u00e4 samanaikaisesti enint\u00e4\u00e4n kymmenen vapaa ja kutakin vapaa kohti enint\u00e4\u00e4n kaksi koukullista viehett\u00e4.&nbsp;Vieheen kiinnitt\u00e4minen kiinte\u00e4sti takilanvaijeriin tai kuulaan on kielletty.&nbsp;El\u00e4v\u00e4n sy\u00f6tin k\u00e4ytt\u00f6 on kielletty.&nbsp;T\u00e4kyraksi sallittu.<\/p>\n\n\n\n<p><strong>14\u00a7 Kilpailukalat<\/strong><\/p>\n\n\n\n<p><strong><br><\/strong>Kilpailukalat ja niiden alamitat p\u00e4\u00e4tet\u00e4\u00e4n SUT:n vuosikokouksessa SM-kilpailuj\u00e4rjest\u00e4j\u00e4n hakemuksen perusteella. Kunkin kilpailukalan alamitan on oltava kuitenkin v\u00e4hint\u00e4\u00e4n 10mm sek\u00e4 Kalastusasetuksen 19\u00a7:n ett\u00e4 kalastusalueen m\u00e4\u00e4r\u00e4\u00e4m\u00e4\u00e4 alamittaa suurempi. Kilpailukalat kuuluvat kisaj\u00e4rjest\u00e4j\u00e4lle.<\/p>\n\n\n\n<p>Kalat tulee s\u00e4ilytt\u00e4\u00e4 kilpailun ajan kylm\u00e4ss\u00e4. Kalat on tuotava punnitukseen kylm\u00e4laatikossa.&nbsp;Kilpailun j\u00e4rjest\u00e4j\u00e4 on velvollinen j\u00e4rjest\u00e4m\u00e4\u00e4n kilpailijoille j\u00e4\u00e4t.<\/p>\n\n\n\n<p><strong>15\u00a7 Mittaus<\/strong><\/p>\n\n\n\n<p>Kalat mitataan suu kiinni leuan k\u00e4rjest\u00e4 yhteen puristetun pyrst\u00f6n k\u00e4rkeen. Kalat jotka alittavat edell\u00e4 14 \u00a7:ss\u00e4 mainitut mitat hyl\u00e4t\u00e4\u00e4n. Valtion kalastuslain tai vesialueen m\u00e4\u00e4r\u00e4\u00e4m\u00e4\u00e4 alamittaa pienemm\u00e4n kalan tuominen punnitukseen aiheuttaa koko kilpailusuorituksen hylk\u00e4\u00e4misen.&nbsp;My\u00f6s jos tuo punnitukseen yli 2 cm alamittaisen kalan, tai jos mitattavista kaloista l\u00f6ytyy enemm\u00e4n kuin kaksi alamittaista kalaa, koko suoritus hyl\u00e4t\u00e4\u00e4n.<\/p>\n\n\n\n<p><strong><br><\/strong>&nbsp;Kalan pituuden v\u00e4kivaltainen muuttaminen on kielletty. Punnitusalueella on mahdollisuus mitata kalat ennen virallista mittausta ja punnitusta.<\/p>\n\n\n\n<p><strong>16\u00a7 Punnitus<\/strong><\/p>\n\n\n\n<p><strong><br><\/strong>Kalat punnitaan verestettyn\u00e4 (verestystapa ilmoitetaan kipparikokouksessa), kidukset kiinni kalassa. Kaikki kilpailukalat luovutetaan kerralla punnitushenkil\u00f6kunnalle.&nbsp;Kilpailijan on velvollisuus tarkastaa punnitustuloksensa heti punnituksen tapahduttua. H\u00e4n hyv\u00e4ksyy tuloksen allekirjoituksellaan. Sen j\u00e4lkeen punnitustuloksesta ei voi valittaa. Kilpailijalla ja kilpailun j\u00e4rjest\u00e4j\u00e4ll\u00e4 on oikeus keskeytt\u00e4\u00e4 punnitus, jos he ovat eri mielt\u00e4 mittaus- tai punnitustuloksesta. Kaikki ko. kilpailijan saaliskalat laitetaan t\u00e4ll\u00f6in sivuun ja tuomarineuvosto mittaa ja punnitsee kalat v\u00e4litt\u00f6m\u00e4sti muun kilpailupunnituksen p\u00e4\u00e4tytty\u00e4. Tuomarineuvoston mittauksesta ja punnituksesta ei voi valittaa.<\/p>\n\n\n\n<p>Kalojen kelvollisuuden punnitukseen niin lajin, mittojen kuin tuoreudenkin osalta ratkaisee j\u00e4rjest\u00e4j\u00e4n asettama kokenut punnitushenkil\u00f6st\u00f6, joka tarvittaessa k\u00e4ytt\u00e4\u00e4 apunaan tuomarineuvostoa.<\/p>\n\n\n\n<p><strong>17\u00a7 Kilpailun voittaminen&nbsp;<\/strong><\/p>\n\n\n\n<p>Kilpailun voittaa venekunta jonka molempien kisap\u00e4ivien yhteenlaskettu pisteytetty punnitustulos on suurin.&nbsp;<\/p>\n\n\n\n<p>Punnitustulosten menness\u00e4 tasan ratkaisee parempi sijoitus ja jos nekin ovat samat ratkaisee suurempi punnitustulos. Jos kaikki on t\u00e4h\u00e4n asti tasan, voittaja arvotaan.&nbsp;&nbsp;&nbsp;&nbsp;&nbsp;&nbsp;&nbsp;&nbsp;&nbsp;&nbsp;&nbsp;&nbsp;&nbsp;&nbsp;&nbsp;&nbsp;&nbsp;&nbsp;&nbsp;&nbsp;&nbsp;&nbsp;&nbsp;&nbsp;&nbsp;&nbsp;&nbsp;&nbsp;&nbsp;&nbsp;&nbsp;&nbsp;&nbsp;&nbsp;&nbsp;&nbsp;&nbsp;&nbsp;&nbsp;&nbsp;&nbsp;&nbsp;&nbsp;&nbsp;&nbsp;&nbsp;&nbsp;&nbsp;&nbsp;&nbsp;<\/p>\n\n\n\n<p>Joukkuekisa punnitustulosten mukaan.<\/p>\n\n\n\n<p><strong>18\u00a7 Palkinnot<\/strong><\/p>\n\n\n\n<p><strong><br><\/strong>Kilpailijoiden palkitsemisesta vastaa SM-kilpailun vastuullinen j\u00e4rjest\u00e4j\u00e4.<\/p>\n\n\n\n<p>SM-kilpailun kolmelle parhaalle venekunnalle luovutetaan pokaali tai vastaava. SM-mitaleita jaetaan venekunnan miehist\u00f6lle korkeintaan kolme kpl\/mitalisija\/venekunta. Molempina kilpailup\u00e4iv\u00e4n\u00e4 palkitaan kunniapalkinnoin suurimmat kalat.<\/p>\n\n\n\n<p>Joukkuekilpailun kolmelle parhaalle joukkueelle luovutetaan pokaali tai vastaava (3 kpl\/joukkue). SM-mitaleita jaetaan voittajajoukkueen venekunnille korkeintaan kolme kpl\/venekunta.<\/p>\n\n\n\n<p>Edell\u00e4 m\u00e4\u00e4r\u00e4tyn lis\u00e4ksi, SM-kilpailuj\u00e4rjest\u00e4j\u00e4 voi palkita kilpailijoita ylim\u00e4\u00e4r\u00e4isill\u00e4 palkinnoilla haluamallaan tavalla.<\/p>\n\n\n\n<p><strong>19\u00a7 Vastuu<\/strong><\/p>\n\n\n\n<p><strong><br><\/strong>Jokainen kilpailija osallistuu kilpailuun omalla vastuullaan. Jokaisella 18 vuotta t\u00e4ytt\u00e4neell\u00e4 kilpailijalla tulee olla todiste valtion kalastonhoitomaksun suorittamisesta. Jokaisen kipparin on huolehdittava kilpailuveneens\u00e4 varustamisesta veneliikennelain ja \u2013asetusten m\u00e4\u00e4r\u00e4\u00e4min varustein sek\u00e4 meriliikennelain mukaisesti. Plaanarikelkat on varustettava asiallisin lipuin. Tuomarineuvostolla on oikeus kielt\u00e4\u00e4 puutteellisesti varustetun kilpailuveneen osallistumisen kilpailuun.<\/p>\n\n\n\n<p>Venekunnan on tultava omin voimin kisapaikalle kilpailuajan puitteissa. Hinaaminen aiheuttaa aina hylk\u00e4yksen.<\/p>\n\n\n\n<p>Jokaisen kilpailijan tulee tuntea n\u00e4m\u00e4 s\u00e4\u00e4nn\u00f6t.<\/p>\n\n\n\n<p>Kilpailun vastuullinen j\u00e4rjest\u00e4j\u00e4 huolehtii pelastus- ja ensiapupalveluista.<\/p>\n\n\n\n<p><strong>20\u00a7 Valvonta<\/strong><\/p>\n\n\n\n<p><strong><br><\/strong>Valvontaa suorittavat sek\u00e4 erilliset valvontaveneet ett\u00e4 rantautumispaikkojen ja punnituksen valvojat. Kilpailijoiden on noudatettava valvojien ohjeita ja m\u00e4\u00e4r\u00e4yksi\u00e4.<\/p>\n\n\n\n<p><strong>21\u00a7 P\u00e4ihtyneen\u00e4 esiintyminen<\/strong><\/p>\n\n\n\n<p><strong><br><\/strong>Kunkin venekunnan kippari on SM-kilpailusta pois sulkemisen uhalla vastuussa siit\u00e4, ettei h\u00e4n itse tai h\u00e4nen venekuntaansa kuuluva kilpailija kilpaile p\u00e4ihtyneen\u00e4 eik\u00e4 esiinny p\u00e4ihtyneen\u00e4 kilpailukeskuksessa.<\/p>\n\n\n\n<p><strong>22\u00a7 Protestit&nbsp;&nbsp;&nbsp;&nbsp;&nbsp;&nbsp;<\/strong><\/p>\n\n\n\n<p>SM-kilpailun tuloksia koskevat kaikki protestit tulee j\u00e4tt\u00e4\u00e4 kirjallisena tuomarineuvostolle viidentoista minuutin kuluessa tulosten julkaisemisesta. Hyv\u00e4ksytyn protestin j\u00e4lkeen alkaa uusi protestiaika, jonka j\u00e4lkeen tuomarineuvosto tekee p\u00e4\u00e4t\u00f6ksens\u00e4.&nbsp;Tuomarineuvoston p\u00e4\u00e4t\u00f6ksest\u00e4 ei voi valittaa.<\/p>\n\n\n\n<p><strong>23\u00a7 Sanktiot<\/strong><\/p>\n\n\n\n<p><strong><br><\/strong>N\u00e4it\u00e4 s\u00e4\u00e4nt\u00f6j\u00e4 rikkoneen venekunnan kyseisen osakilpailun kilpailusuoritus voidaan hyl\u00e4t\u00e4. Mik\u00e4li tapaus katsotaan t\u00f6rke\u00e4ksi, venekunta voidaan sulkea kokonaan pois SM-kilpailusta. P\u00e4\u00e4t\u00f6ksen asiasta tekee tuomarineuvosto kuultuaan ensin asianosaisia.<\/p>\n\n\n\n<p><strong>24\u00a7 Taltioinnit<\/strong><\/p>\n\n\n\n<p><strong><br><\/strong>SUT ja SM-kilpailun vastuullinen j\u00e4rjest\u00e4j\u00e4 saavat k\u00e4ytt\u00e4\u00e4 kilpailussa taltioitua kuva- ja \u00e4\u00e4nimateriaalia korvauksetta kaikkeen kalastusharrastusta edist\u00e4v\u00e4\u00e4n tarkoitukseen.<\/p>\n\n\n\n<p><strong>25\u00a7 Muutokset ja lis\u00e4m\u00e4\u00e4r\u00e4ykset<\/strong><\/p>\n\n\n\n<p><strong><br><\/strong>SM-kilpailun s\u00e4\u00e4nn\u00f6t voivat poiketa n\u00e4ist\u00e4 runkos\u00e4\u00e4nn\u00f6ist\u00e4 vain, jos SM-kilpailuj\u00e4rjest\u00e4j\u00e4n j\u00e4tt\u00e4m\u00e4ss\u00e4 kilpailuhakemuksessa on ollut siit\u00e4 maininta ja SUT on s\u00e4\u00e4nt\u00f6muutoksen vuosikokouksessaan hyv\u00e4ksynyt.&nbsp;Muutoksista ja tarvittavista lis\u00e4m\u00e4\u00e4r\u00e4yksist\u00e4 on ilmoitettava kipparikokouksessa.<\/p>\n","protected":false},"excerpt":{"rendered":"<p>Vetouistelun SM 2026 kilpailukohtaiset s\u00e4\u00e4nn\u00f6t 1 \u00a7 Kilpailualue Kilpailualue on Kyr\u00f6sj\u00e4rvi kilpailukartan mukaisesti. Kilpailualue on rajattu karttaan. Kilpailun aikana kilpailuun [&hellip;]<\/p>\n","protected":false},"author":1,"featured_media":0,"parent":0,"menu_order":0,"comment_status":"closed","ping_status":"closed","template":"","meta":{"pagelayer_contact_templates":[],"_pagelayer_content":"","site-sidebar-layout":"default","site-content-layout":"","ast-site-content-layout":"default","site-content-style":"default","site-sidebar-style":"default","ast-global-header-display":"","ast-banner-title-visibility":"","ast-main-header-display":"","ast-hfb-above-header-display":"","ast-hfb-below-header-display":"","ast-hfb-mobile-header-display":"","site-post-title":"","ast-breadcrumbs-content":"","ast-featured-img":"","footer-sml-layout":"","theme-transparent-header-meta":"","adv-header-id-meta":"","stick-header-meta":"","header-above-stick-meta":"","header-main-stick-meta":"","header-below-stick-meta":"","astra-migrate-meta-layouts":"default","ast-page-background-enabled":"default","ast-page-background-meta":{"desktop":{"background-color":"var(--ast-global-color-5)","background-image":"","background-repeat":"repeat","background-position":"center center","background-size":"auto","background-attachment":"scroll","background-type":"","background-media":"","overlay-type":"","overlay-color":"","overlay-opacity":"","overlay-gradient":""},"tablet":{"background-color":"","background-image":"","background-repeat":"repeat","background-position":"center center","background-size":"auto","background-attachment":"scroll","background-type":"","background-media":"","overlay-type":"","overlay-color":"","overlay-opacity":"","overlay-gradient":""},"mobile":{"background-color":"","background-image":"","background-repeat":"repeat","background-position":"center center","background-size":"auto","background-attachment":"scroll","background-type":"","background-media":"","overlay-type":"","overlay-color":"","overlay-opacity":"","overlay-gradient":""}},"ast-content-background-meta":{"desktop":{"background-color":"var(--ast-global-color-4)","background-image":"","background-repeat":"repeat","background-position":"center center","background-size":"auto","background-attachment":"scroll","background-type":"","background-media":"","overlay-type":"","overlay-color":"","overlay-opacity":"","overlay-gradient":""},"tablet":{"background-color":"var(--ast-global-color-4)","background-image":"","background-repeat":"repeat","background-position":"center center","background-size":"auto","background-attachment":"scroll","background-type":"","background-media":"","overlay-type":"","overlay-color":"","overlay-opacity":"","overlay-gradient":""},"mobile":{"background-color":"var(--ast-global-color-4)","background-image":"","background-repeat":"repeat","background-position":"center center","background-size":"auto","background-attachment":"scroll","background-type":"","background-media":"","overlay-type":"","overlay-color":"","overlay-opacity":"","overlay-gradient":""}},"footnotes":""},"class_list":["post-13","page","type-page","status-publish","hentry"],"_links":{"self":[{"href":"http:\/\/smvetouistelu.fi\/index.php?rest_route=\/wp\/v2\/pages\/13","targetHints":{"allow":["GET"]}}],"collection":[{"href":"http:\/\/smvetouistelu.fi\/index.php?rest_route=\/wp\/v2\/pages"}],"about":[{"href":"http:\/\/smvetouistelu.fi\/index.php?rest_route=\/wp\/v2\/types\/page"}],"author":[{"embeddable":true,"href":"http:\/\/smvetouistelu.fi\/index.php?rest_route=\/wp\/v2\/users\/1"}],"replies":[{"embeddable":true,"href":"http:\/\/smvetouistelu.fi\/index.php?rest_route=%2Fwp%2Fv2%2Fcomments&post=13"}],"version-history":[{"count":2,"href":"http:\/\/smvetouistelu.fi\/index.php?rest_route=\/wp\/v2\/pages\/13\/revisions"}],"predecessor-version":[{"id":44,"href":"http:\/\/smvetouistelu.fi\/index.php?rest_route=\/wp\/v2\/pages\/13\/revisions\/44"}],"wp:attachment":[{"href":"http:\/\/smvetouistelu.fi\/index.php?rest_route=%2Fwp%2Fv2%2Fmedia&parent=13"}],"curies":[{"name":"wp","href":"https:\/\/api.w.org\/{rel}","templated":true}]}}