{"id":17,"date":"2025-11-25T05:51:13","date_gmt":"2025-11-25T05:51:13","guid":{"rendered":"http:\/\/smvetouistelu.fi\/?page_id=17"},"modified":"2026-02-06T11:20:34","modified_gmt":"2026-02-06T09:20:34","slug":"majoitus","status":"publish","type":"page","link":"http:\/\/smvetouistelu.fi\/?page_id=17","title":{"rendered":"Majoitus"},"content":{"rendered":"\n<p class=\"has-medium-font-size\">Ikaalisten kylpyl\u00e4 tarjoaa majoitusta<\/p>\n\n\n\n<figure class=\"wp-block-image size-full is-resized is-style-rounded\" style=\"margin-top:0;margin-right:0;margin-bottom:0;margin-left:0\"><img loading=\"lazy\" decoding=\"async\" width=\"215\" height=\"130\" src=\"https:\/\/smvetouistelu.fi\/wp-content\/uploads\/2026\/01\/ikaalisten-kylpyla-majoituskjuva-2.jpg\" alt=\"\" class=\"wp-image-54\" style=\"aspect-ratio:1.6538789428815004;width:399px;height:auto\"\/><\/figure>\n\n\n\n<p class=\"has-medium-font-size\">K\u00e4yt\u00f6ss\u00e4 on majoituskoodi &#8221;VETO SM26&#8221;<\/p>\n\n\n\n<p class=\"has-medium-font-size\">Koodi sy\u00f6tet\u00e4\u00e4n majoituksen varauksen yhteydess\u00e4<\/p>\n\n\n\n<p><a href=\"https:\/\/ikaalinenspa.fi\/\">Ikaalinen Spa &amp; Resort | Pohjolan virkist\u00e4vin kohde<\/a><\/p>\n\n\n\n<figure class=\"wp-block-image size-large is-resized is-style-rounded\"><img loading=\"lazy\" decoding=\"async\" width=\"762\" height=\"314\" src=\"https:\/\/smvetouistelu.fi\/wp-content\/uploads\/2026\/02\/Nayttokuva-2026-02-06-111441-1.png\" alt=\"\" class=\"wp-image-118\" style=\"aspect-ratio:2.4269035026444468;width:456px;height:auto\" srcset=\"http:\/\/smvetouistelu.fi\/wp-content\/uploads\/2026\/02\/Nayttokuva-2026-02-06-111441-1.png 762w, http:\/\/smvetouistelu.fi\/wp-content\/uploads\/2026\/02\/Nayttokuva-2026-02-06-111441-1-300x124.png 300w\" sizes=\"auto, (max-width: 762px) 100vw, 762px\" \/><\/figure>\n\n\n\n<p>Ravintola KultaCasinolla on vuokram\u00f6kkej\u00e4 Kyr\u00f6sj\u00e4rven v\u00e4litt\u00f6m\u00e4ss\u00e4 l\u00e4heisyydess\u00e4<\/p>\n\n\n\n<p>Sijaitsee Viljakkalan haverissa<\/p>\n\n\n\n<p><a href=\"https:\/\/www.kultacasino.fi\/\">Kulta Casino \u2013 Lomaile kauniin Kyr\u00f6sj\u00e4rven rannalla!<\/a><\/p>\n\n\n\n<p><\/p>\n","protected":false},"excerpt":{"rendered":"<p>Ikaalisten kylpyl\u00e4 tarjoaa majoitusta K\u00e4yt\u00f6ss\u00e4 on majoituskoodi &#8221;VETO SM26&#8221; Koodi sy\u00f6tet\u00e4\u00e4n majoituksen varauksen yhteydess\u00e4 Ikaalinen Spa &amp; Resort | Pohjolan [&hellip;]<\/p>\n","protected":false},"author":1,"featured_media":0,"parent":0,"menu_order":0,"comment_status":"closed","ping_status":"closed","template":"","meta":{"pagelayer_contact_templates":[],"_pagelayer_content":"","site-sidebar-layout":"default","site-content-layout":"","ast-site-content-layout":"default","site-content-style":"default","site-sidebar-style":"default","ast-global-header-display":"","ast-banner-title-visibility":"","ast-main-header-display":"","ast-hfb-above-header-display":"","ast-hfb-below-header-display":"","ast-hfb-mobile-header-display":"","site-post-title":"","ast-breadcrumbs-content":"","ast-featured-img":"","footer-sml-layout":"","theme-transparent-header-meta":"","adv-header-id-meta":"","stick-header-meta":"","header-above-stick-meta":"","header-main-stick-meta":"","header-below-stick-meta":"","astra-migrate-meta-layouts":"default","ast-page-background-enabled":"default","ast-page-background-meta":{"desktop":{"background-color":"var(--ast-global-color-5)","background-image":"","background-repeat":"repeat","background-position":"center center","background-size":"auto","background-attachment":"scroll","background-type":"","background-media":"","overlay-type":"","overlay-color":"","overlay-opacity":"","overlay-gradient":""},"tablet":{"background-color":"","background-image":"","background-repeat":"repeat","background-position":"center center","background-size":"auto","background-attachment":"scroll","background-type":"","background-media":"","overlay-type":"","overlay-color":"","overlay-opacity":"","overlay-gradient":""},"mobile":{"background-color":"","background-image":"","background-repeat":"repeat","background-position":"center center","background-size":"auto","background-attachment":"scroll","background-type":"","background-media":"","overlay-type":"","overlay-color":"","overlay-opacity":"","overlay-gradient":""}},"ast-content-background-meta":{"desktop":{"background-color":"var(--ast-global-color-4)","background-image":"","background-repeat":"repeat","background-position":"center center","background-size":"auto","background-attachment":"scroll","background-type":"","background-media":"","overlay-type":"","overlay-color":"","overlay-opacity":"","overlay-gradient":""},"tablet":{"background-color":"var(--ast-global-color-4)","background-image":"","background-repeat":"repeat","background-position":"center center","background-size":"auto","background-attachment":"scroll","background-type":"","background-media":"","overlay-type":"","overlay-color":"","overlay-opacity":"","overlay-gradient":""},"mobile":{"background-color":"var(--ast-global-color-4)","background-image":"","background-repeat":"repeat","background-position":"center center","background-size":"auto","background-attachment":"scroll","background-type":"","background-media":"","overlay-type":"","overlay-color":"","overlay-opacity":"","overlay-gradient":""}},"footnotes":""},"class_list":["post-17","page","type-page","status-publish","hentry"],"_links":{"self":[{"href":"http:\/\/smvetouistelu.fi\/index.php?rest_route=\/wp\/v2\/pages\/17","targetHints":{"allow":["GET"]}}],"collection":[{"href":"http:\/\/smvetouistelu.fi\/index.php?rest_route=\/wp\/v2\/pages"}],"about":[{"href":"http:\/\/smvetouistelu.fi\/index.php?rest_route=\/wp\/v2\/types\/page"}],"author":[{"embeddable":true,"href":"http:\/\/smvetouistelu.fi\/index.php?rest_route=\/wp\/v2\/users\/1"}],"replies":[{"embeddable":true,"href":"http:\/\/smvetouistelu.fi\/index.php?rest_route=%2Fwp%2Fv2%2Fcomments&post=17"}],"version-history":[{"count":5,"href":"http:\/\/smvetouistelu.fi\/index.php?rest_route=\/wp\/v2\/pages\/17\/revisions"}],"predecessor-version":[{"id":120,"href":"http:\/\/smvetouistelu.fi\/index.php?rest_route=\/wp\/v2\/pages\/17\/revisions\/120"}],"wp:attachment":[{"href":"http:\/\/smvetouistelu.fi\/index.php?rest_route=%2Fwp%2Fv2%2Fmedia&parent=17"}],"curies":[{"name":"wp","href":"https:\/\/api.w.org\/{rel}","templated":true}]}}