{"id":9,"date":"2025-11-25T05:50:31","date_gmt":"2025-11-25T05:50:31","guid":{"rendered":"http:\/\/smvetouistelu.fi\/?page_id=9"},"modified":"2026-02-04T21:29:45","modified_gmt":"2026-02-04T19:29:45","slug":"etusivu","status":"publish","type":"page","link":"http:\/\/smvetouistelu.fi\/","title":{"rendered":"Etusivu"},"content":{"rendered":"\n<h2 class=\"wp-block-heading\">Vetouistelun SM26 Kyr\u00f6sj\u00e4rvi<\/h2>\n\n\n\n<p>Vetouistelun Suomen mestaruuskilpailut j\u00e4rjestet\u00e4\u00e4n <strong>7.\u20138.8.2026<\/strong> Kyr\u00f6sj\u00e4rvell\u00e4 Ikaalisissa. Kyr\u00f6sj\u00e4rvi on Pirkanmaan suurimpia ja monipuolisimpia j\u00e4rvi\u00e4, joka tarjoaa erinomaiset puitteet vaativalle ja tasokkaalle kilpailulle.<\/p>\n\n\n\n<p>Kyr\u00f6sj\u00e4rvi tunnetaan vahvasta ja monipuolisesta kalakannastaan. J\u00e4rvess\u00e4 esiintyy runsaasti vetouistelijoille tuttuja lajeja, kuten kuhaa, haukea ja ahventa, ja vesist\u00f6 on erityisesti kuuluisa hyvist\u00e4 kuhasaaliistaan. Laajat selk\u00e4vedet, vaihtelevat syvyydet sek\u00e4 lukuisat saaret ja penkat tekev\u00e4t j\u00e4rvest\u00e4 mielenkiintoisen ja taktisesti haastavan kilpailuymp\u00e4rist\u00f6n.<\/p>\n\n\n\n<p>Kilpailupaikkana Kyr\u00f6sj\u00e4rvi yhdist\u00e4\u00e4 toimivat satama- ja rantapalvelut, kauniit j\u00e4rvimaisemat sek\u00e4 pitk\u00e4t perinteet kalastuksen ja veneilyn parissa \u2013 tarjoten erinomaiset puitteet Vetouistelun SM-kilpailuille 2026.<\/p>\n\n\n\n<h2 class=\"wp-block-heading\">Kilpailukeskus<\/h2>\n\n\n\n<figure class=\"wp-block-image alignleft size-large is-resized is-style-rounded\"><img loading=\"lazy\" decoding=\"async\" width=\"1024\" height=\"755\" src=\"https:\/\/smvetouistelu.fi\/wp-content\/uploads\/2026\/01\/spa-logo-pysty-1024x755.png\" alt=\"\" class=\"wp-image-87\" style=\"aspect-ratio:1.3563293198828505;width:130px;height:auto\" srcset=\"http:\/\/smvetouistelu.fi\/wp-content\/uploads\/2026\/01\/spa-logo-pysty-1024x755.png 1024w, http:\/\/smvetouistelu.fi\/wp-content\/uploads\/2026\/01\/spa-logo-pysty-300x221.png 300w, http:\/\/smvetouistelu.fi\/wp-content\/uploads\/2026\/01\/spa-logo-pysty-768x566.png 768w, http:\/\/smvetouistelu.fi\/wp-content\/uploads\/2026\/01\/spa-logo-pysty-1536x1132.png 1536w, http:\/\/smvetouistelu.fi\/wp-content\/uploads\/2026\/01\/spa-logo-pysty.png 1891w\" sizes=\"auto, (max-width: 1024px) 100vw, 1024px\" \/><\/figure>\n\n\n\n<p><strong> Ikaalinen Spa &amp; Resort<br>Huvilatie 2, 39500 Ikaalinen <\/strong><\/p>\n\n\n\n<p><\/p>\n","protected":false},"excerpt":{"rendered":"<p>Vetouistelun SM26 Kyr\u00f6sj\u00e4rvi Vetouistelun Suomen mestaruuskilpailut j\u00e4rjestet\u00e4\u00e4n 7.\u20138.8.2026 Kyr\u00f6sj\u00e4rvell\u00e4 Ikaalisissa. Kyr\u00f6sj\u00e4rvi on Pirkanmaan suurimpia ja monipuolisimpia j\u00e4rvi\u00e4, joka tarjoaa erinomaiset [&hellip;]<\/p>\n","protected":false},"author":1,"featured_media":0,"parent":0,"menu_order":0,"comment_status":"closed","ping_status":"closed","template":"","meta":{"pagelayer_contact_templates":[],"_pagelayer_content":"","site-sidebar-layout":"default","site-content-layout":"","ast-site-content-layout":"default","site-content-style":"default","site-sidebar-style":"default","ast-global-header-display":"","ast-banner-title-visibility":"","ast-main-header-display":"","ast-hfb-above-header-display":"","ast-hfb-below-header-display":"","ast-hfb-mobile-header-display":"","site-post-title":"disabled","ast-breadcrumbs-content":"","ast-featured-img":"","footer-sml-layout":"","theme-transparent-header-meta":"","adv-header-id-meta":"","stick-header-meta":"","header-above-stick-meta":"","header-main-stick-meta":"","header-below-stick-meta":"","astra-migrate-meta-layouts":"default","ast-page-background-enabled":"default","ast-page-background-meta":{"desktop":{"background-color":"var(--ast-global-color-5)","background-image":"","background-repeat":"repeat","background-position":"center center","background-size":"auto","background-attachment":"scroll","background-type":"","background-media":"","overlay-type":"","overlay-color":"","overlay-opacity":"","overlay-gradient":""},"tablet":{"background-color":"","background-image":"","background-repeat":"repeat","background-position":"center center","background-size":"auto","background-attachment":"scroll","background-type":"","background-media":"","overlay-type":"","overlay-color":"","overlay-opacity":"","overlay-gradient":""},"mobile":{"background-color":"","background-image":"","background-repeat":"repeat","background-position":"center center","background-size":"auto","background-attachment":"scroll","background-type":"","background-media":"","overlay-type":"","overlay-color":"","overlay-opacity":"","overlay-gradient":""}},"ast-content-background-meta":{"desktop":{"background-color":"var(--ast-global-color-4)","background-image":"","background-repeat":"repeat","background-position":"center center","background-size":"auto","background-attachment":"scroll","background-type":"","background-media":"","overlay-type":"","overlay-color":"","overlay-opacity":"","overlay-gradient":""},"tablet":{"background-color":"var(--ast-global-color-4)","background-image":"","background-repeat":"repeat","background-position":"center center","background-size":"auto","background-attachment":"scroll","background-type":"","background-media":"","overlay-type":"","overlay-color":"","overlay-opacity":"","overlay-gradient":""},"mobile":{"background-color":"var(--ast-global-color-4)","background-image":"","background-repeat":"repeat","background-position":"center center","background-size":"auto","background-attachment":"scroll","background-type":"","background-media":"","overlay-type":"","overlay-color":"","overlay-opacity":"","overlay-gradient":""}},"footnotes":""},"class_list":["post-9","page","type-page","status-publish","hentry"],"_links":{"self":[{"href":"http:\/\/smvetouistelu.fi\/index.php?rest_route=\/wp\/v2\/pages\/9","targetHints":{"allow":["GET"]}}],"collection":[{"href":"http:\/\/smvetouistelu.fi\/index.php?rest_route=\/wp\/v2\/pages"}],"about":[{"href":"http:\/\/smvetouistelu.fi\/index.php?rest_route=\/wp\/v2\/types\/page"}],"author":[{"embeddable":true,"href":"http:\/\/smvetouistelu.fi\/index.php?rest_route=\/wp\/v2\/users\/1"}],"replies":[{"embeddable":true,"href":"http:\/\/smvetouistelu.fi\/index.php?rest_route=%2Fwp%2Fv2%2Fcomments&post=9"}],"version-history":[{"count":5,"href":"http:\/\/smvetouistelu.fi\/index.php?rest_route=\/wp\/v2\/pages\/9\/revisions"}],"predecessor-version":[{"id":111,"href":"http:\/\/smvetouistelu.fi\/index.php?rest_route=\/wp\/v2\/pages\/9\/revisions\/111"}],"wp:attachment":[{"href":"http:\/\/smvetouistelu.fi\/index.php?rest_route=%2Fwp%2Fv2%2Fmedia&parent=9"}],"curies":[{"name":"wp","href":"https:\/\/api.w.org\/{rel}","templated":true}]}}